{"id":2463,"date":"2025-11-03T12:53:28","date_gmt":"2025-11-03T11:53:28","guid":{"rendered":"http:\/\/bagiliba.fr\/?page_id=2463"},"modified":"2025-11-03T14:53:46","modified_gmt":"2025-11-03T13:53:46","slug":"concert-avec-quartier-latin-family","status":"publish","type":"page","link":"http:\/\/bagiliba.fr\/index.php\/concert-avec-quartier-latin-family\/","title":{"rendered":"CONCERT AVEC QUARTIER LATIN FAMILY"},"content":{"rendered":"\n<p class=\"has-white-color has-vivid-red-background-color has-text-color has-background\" style=\"font-size:34px\"><strong>SAMEDI 15 NOVEMBRE                  \u00e0 20h45<\/strong><\/p>\n\n\n\n<figure class=\"wp-block-image size-large\"><img loading=\"lazy\" width=\"1024\" height=\"768\" src=\"http:\/\/bagiliba.fr\/wp-content\/uploads\/2025\/11\/quartier-latin-1024x768.jpg\" alt=\"\" class=\"wp-image-2476\" srcset=\"http:\/\/bagiliba.fr\/wp-content\/uploads\/2025\/11\/quartier-latin-1024x768.jpg 1024w, http:\/\/bagiliba.fr\/wp-content\/uploads\/2025\/11\/quartier-latin-300x225.jpg 300w, http:\/\/bagiliba.fr\/wp-content\/uploads\/2025\/11\/quartier-latin-768x576.jpg 768w, http:\/\/bagiliba.fr\/wp-content\/uploads\/2025\/11\/quartier-latin-1536x1152.jpg 1536w, http:\/\/bagiliba.fr\/wp-content\/uploads\/2025\/11\/quartier-latin.jpg 1600w\" sizes=\"(max-width: 1024px) 100vw, 1024px\" \/><\/figure>\n\n\n\n<p class=\"has-black-color has-text-color\"><strong>Salle Iris Barry \u00e0 Fayence<\/strong><\/p>\n\n\n\n<p class=\"has-black-color has-text-color\">TARIFS : 15\u20ac tarif soutien \/ 12\u20ac tarif normal \/ 8\u20ac tarif r\u00e9duit (\u00e9tudiant, adh\u00e9rent, minima sociaux) \/ Gratuit -18 ans<\/p>\n\n\n\n<div class=\"wp-block-buttons aligncenter\">\n<div class=\"wp-block-button\"><a class=\"wp-block-button__link has-blush-bordeaux-gradient-background has-text-color has-background\" href=\"https:\/\/www.helloasso.com\/associations\/federation-bidepartementale-des-foyers-ruraux-83-06\/evenements\/23eme-festival-africain-bagiliba\" style=\"border-radius:50px;color:#fffffa\" target=\"_blank\" rel=\"noreferrer noopener\"><strong>BILLETTERIE<\/strong><\/a><\/div>\n<\/div>\n\n\n\n<div class=\"wp-block-buttons aligncenter\">\n<div class=\"wp-block-button\"><a class=\"wp-block-button__link\"><\/a><\/div>\n<\/div>\n\n\n\n<p class=\"has-text-align-left has-black-color has-text-color\">Bagiliba accueille cette ann\u00e9e un monument de la musique en Afrique Centrale, le mythique Quartier Latin Family. Ce groupe a vu passer Koffi Olomide le roi du Soukous et de la Rumba congolaise mais aussi Fally Ipupa, un des africains qui a aujourd\u2019hui le plus d\u2019audience dans le monde. Aussi dense, que vibrante et dansante, cette musique festive comme aucune autre va nous faire basculer dans la ferveur et la profondeur spirituelle de la danse au Congo, celle qui secoue et lie le corps et l\u2019esprit comme aucune autre !<\/p>\n\n\n\n<p class=\"has-text-align-left has-black-color has-text-color\"><strong>Premi\u00e8re partie : Shems<\/strong><\/p>\n\n\n\n<p class=\"has-text-align-left has-black-color has-text-color\">Jeune artiste \u00e9mergent \u00e0 la crois\u00e9e des cultures, entre rage int\u00e9rieure, lucidit\u00e9 po\u00e9tique et esth\u00e9tique musicale aff\u00fbt\u00e9e.<\/p>\n\n\n\n<p><em>En partenariat avec le Foyer Rural Fayence Tourrettes.<\/em><\/p>\n","protected":false},"excerpt":{"rendered":"<p>SAMEDI 15 NOVEMBRE \u00e0 20h45 Salle Iris Barry \u00e0 Fayence TARIFS : 15\u20ac tarif soutien \/ 12\u20ac tarif normal \/ 8\u20ac tarif r\u00e9duit (\u00e9tudiant, adh\u00e9rent, minima sociaux) \/ Gratuit -18 ans Bagiliba accueille cette ann\u00e9e un monument de la musique en Afrique Centrale, le mythique Quartier Latin Family. Ce groupe a vu passer Koffi Olomide&hellip; <a href=\"http:\/\/bagiliba.fr\/index.php\/concert-avec-quartier-latin-family\/\" class=\"more-link\">Lire la suite <span class=\"screen-reader-text\">CONCERT AVEC QUARTIER LATIN FAMILY<\/span><\/a><\/p>\n","protected":false},"author":1,"featured_media":0,"parent":0,"menu_order":0,"comment_status":"closed","ping_status":"closed","template":"","meta":[],"_links":{"self":[{"href":"http:\/\/bagiliba.fr\/index.php\/wp-json\/wp\/v2\/pages\/2463"}],"collection":[{"href":"http:\/\/bagiliba.fr\/index.php\/wp-json\/wp\/v2\/pages"}],"about":[{"href":"http:\/\/bagiliba.fr\/index.php\/wp-json\/wp\/v2\/types\/page"}],"author":[{"embeddable":true,"href":"http:\/\/bagiliba.fr\/index.php\/wp-json\/wp\/v2\/users\/1"}],"replies":[{"embeddable":true,"href":"http:\/\/bagiliba.fr\/index.php\/wp-json\/wp\/v2\/comments?post=2463"}],"version-history":[{"count":5,"href":"http:\/\/bagiliba.fr\/index.php\/wp-json\/wp\/v2\/pages\/2463\/revisions"}],"predecessor-version":[{"id":2524,"href":"http:\/\/bagiliba.fr\/index.php\/wp-json\/wp\/v2\/pages\/2463\/revisions\/2524"}],"wp:attachment":[{"href":"http:\/\/bagiliba.fr\/index.php\/wp-json\/wp\/v2\/media?parent=2463"}],"curies":[{"name":"wp","href":"https:\/\/api.w.org\/{rel}","templated":true}]}}