{"id":758,"date":"2019-10-10T15:41:16","date_gmt":"2019-10-10T13:41:16","guid":{"rendered":"http:\/\/bagiliba.fr\/?page_id=758"},"modified":"2022-10-17T11:17:21","modified_gmt":"2022-10-17T09:17:21","slug":"dobet-gnahore","status":"publish","type":"page","link":"http:\/\/bagiliba.fr\/index.php\/edition-2019\/artistes\/dobet-gnahore\/","title":{"rendered":"Balani Sound System"},"content":{"rendered":"\n<figure class=\"wp-block-image size-large\"><img loading=\"lazy\" width=\"1000\" height=\"667\" src=\"http:\/\/bagiliba.fr\/wp-content\/uploads\/2022\/10\/35o.jpg\" alt=\"\" class=\"wp-image-1148\" srcset=\"http:\/\/bagiliba.fr\/wp-content\/uploads\/2022\/10\/35o.jpg 1000w, http:\/\/bagiliba.fr\/wp-content\/uploads\/2022\/10\/35o-300x200.jpg 300w, http:\/\/bagiliba.fr\/wp-content\/uploads\/2022\/10\/35o-768x512.jpg 768w\" sizes=\"(max-width: 1000px) 100vw, 1000px\" \/><figcaption>Balani Sound System\rFestirock, 2017\rSylvain SABARD<\/figcaption><\/figure>\n\n\n<p><b>SAMEDI 12 NOVEMBRE<\/b><\/p>\n<p>20h45 : Salle Iris Barry Espace Culturel FAYENCE<\/p>\n<p>Voyageant dans le son r\u00e9tro-futuriste, <b>Balani Sound System<\/b> propulse le balafon pentatonique vers l\u2019avenir avec sa nouvelle Cr\u00e9ation Balatronic, 1\u00e8re g\u00e9n\u00e9ration de Balafon amplifi\u00e9 ! Inspir\u00e9e par les ambiances survolt\u00e9es des cabarets ouest-africains, leur musique est une transe qui traverse le temps et les fronti\u00e8res au service du dancefloor.<\/p>\n<p>Tarifs : 14\u20ac Tarif Normal &#8211; 10\u20ac Tarif R\u00e9duit &#8211; Gratuit &#8211; de 12 ans<\/p>\n<p><i>Possibilit\u00e9 de restauration en soir\u00e9e avec le food truck <\/i><i>Optitszoignons. R\u00e9servations conseill\u00e9es au <\/i><i>06.14.15.26.31.<\/i><\/p>\n<h3>\u00a0<\/h3>","protected":false},"excerpt":{"rendered":"<p>SAMEDI 12 NOVEMBRE 20h45 : Salle Iris Barry Espace Culturel FAYENCE Voyageant dans le son r\u00e9tro-futuriste, Balani Sound System propulse le balafon pentatonique vers l\u2019avenir avec sa nouvelle Cr\u00e9ation Balatronic, 1\u00e8re g\u00e9n\u00e9ration de Balafon amplifi\u00e9 ! Inspir\u00e9e par les ambiances survolt\u00e9es des cabarets ouest-africains, leur musique est une transe qui traverse le temps et les&hellip; <a href=\"http:\/\/bagiliba.fr\/index.php\/edition-2019\/artistes\/dobet-gnahore\/\" class=\"more-link\">Lire la suite <span class=\"screen-reader-text\">Balani Sound System<\/span><\/a><\/p>\n","protected":false},"author":1,"featured_media":0,"parent":743,"menu_order":2,"comment_status":"closed","ping_status":"closed","template":"","meta":[],"_links":{"self":[{"href":"http:\/\/bagiliba.fr\/index.php\/wp-json\/wp\/v2\/pages\/758"}],"collection":[{"href":"http:\/\/bagiliba.fr\/index.php\/wp-json\/wp\/v2\/pages"}],"about":[{"href":"http:\/\/bagiliba.fr\/index.php\/wp-json\/wp\/v2\/types\/page"}],"author":[{"embeddable":true,"href":"http:\/\/bagiliba.fr\/index.php\/wp-json\/wp\/v2\/users\/1"}],"replies":[{"embeddable":true,"href":"http:\/\/bagiliba.fr\/index.php\/wp-json\/wp\/v2\/comments?post=758"}],"version-history":[{"count":6,"href":"http:\/\/bagiliba.fr\/index.php\/wp-json\/wp\/v2\/pages\/758\/revisions"}],"predecessor-version":[{"id":1149,"href":"http:\/\/bagiliba.fr\/index.php\/wp-json\/wp\/v2\/pages\/758\/revisions\/1149"}],"up":[{"embeddable":true,"href":"http:\/\/bagiliba.fr\/index.php\/wp-json\/wp\/v2\/pages\/743"}],"wp:attachment":[{"href":"http:\/\/bagiliba.fr\/index.php\/wp-json\/wp\/v2\/media?parent=758"}],"curies":[{"name":"wp","href":"https:\/\/api.w.org\/{rel}","templated":true}]}}