{"id":944,"date":"2021-10-22T17:02:07","date_gmt":"2021-10-22T15:02:07","guid":{"rendered":"http:\/\/bagiliba.fr\/?page_id=944"},"modified":"2022-10-17T11:21:25","modified_gmt":"2022-10-17T09:21:25","slug":"gang-jah-mind","status":"publish","type":"page","link":"http:\/\/bagiliba.fr\/index.php\/gang-jah-mind\/","title":{"rendered":"Daby TOURE"},"content":{"rendered":"\n<figure class=\"wp-block-image size-large\"><img loading=\"lazy\" width=\"225\" height=\"225\" src=\"http:\/\/bagiliba.fr\/wp-content\/uploads\/2022\/10\/telechargement.jpg\" alt=\"\" class=\"wp-image-1151\" srcset=\"http:\/\/bagiliba.fr\/wp-content\/uploads\/2022\/10\/telechargement.jpg 225w, http:\/\/bagiliba.fr\/wp-content\/uploads\/2022\/10\/telechargement-150x150.jpg 150w, http:\/\/bagiliba.fr\/wp-content\/uploads\/2022\/10\/telechargement-180x180.jpg 180w\" sizes=\"(max-width: 225px) 100vw, 225px\" \/><\/figure>\n\n\n\n<p><strong>VENDREDI 11 NOVEMBRE<\/strong><\/p>\n\n\n\n<p>20h45 : Salle Iris Barry Espace Culturel FAYENCE<\/p>\n\n\n\n<p>V\u00e9ritable citoyen du monde, <strong>Daby Tour\u00e9<\/strong> refuse d&rsquo;\u00eatre cantonn\u00e9 \u00e0 la musique traditionnelle et donne libre court \u00e0 son go\u00fbt pour la pop, le folk, la musique soul, le reggae, le jazz et le blues. Il fa\u00e7onne ainsi un paysage musical po\u00e9tique et accrocheur et provoque un regard neuf sur l&rsquo;Afrique. Daby Tour\u00e9, inclassable et universel. Il sera accompagn\u00e9 par Omar Tour\u00e9 tous deux enfants du groupe Tour\u00e9 Kunda.<\/p>\n\n\n\n<p>En premi\u00e8re partie, D\u00e9fil\u00e9 de mode avec les cr\u00e9ateurs Din\u00e9 MBaye et Moussa Kane<\/p>\n\n\n\n<p>Tarifs: 12 \u20ac tarif normal &#8211; 8 \u20ac tarif r\u00e9duit &#8211; Gratuit &#8211; de 12 ans<\/p>\n\n\n\n<p><em>Possibilit\u00e9 de restauration en soir\u00e9e avec le food truck Optitszoignons. R\u00e9servations conseill\u00e9es au 06.14.15.26.31.<\/em><\/p>\n","protected":false},"excerpt":{"rendered":"<p>VENDREDI 11 NOVEMBRE 20h45 : Salle Iris Barry Espace Culturel FAYENCE V\u00e9ritable citoyen du monde, Daby Tour\u00e9 refuse d&rsquo;\u00eatre cantonn\u00e9 \u00e0 la musique traditionnelle et donne libre court \u00e0 son go\u00fbt pour la pop, le folk, la musique soul, le reggae, le jazz et le blues. Il fa\u00e7onne ainsi un paysage musical po\u00e9tique et accrocheur&hellip; <a href=\"http:\/\/bagiliba.fr\/index.php\/gang-jah-mind\/\" class=\"more-link\">Lire la suite <span class=\"screen-reader-text\">Daby TOURE<\/span><\/a><\/p>\n","protected":false},"author":1,"featured_media":0,"parent":0,"menu_order":0,"comment_status":"closed","ping_status":"closed","template":"","meta":[],"_links":{"self":[{"href":"http:\/\/bagiliba.fr\/index.php\/wp-json\/wp\/v2\/pages\/944"}],"collection":[{"href":"http:\/\/bagiliba.fr\/index.php\/wp-json\/wp\/v2\/pages"}],"about":[{"href":"http:\/\/bagiliba.fr\/index.php\/wp-json\/wp\/v2\/types\/page"}],"author":[{"embeddable":true,"href":"http:\/\/bagiliba.fr\/index.php\/wp-json\/wp\/v2\/users\/1"}],"replies":[{"embeddable":true,"href":"http:\/\/bagiliba.fr\/index.php\/wp-json\/wp\/v2\/comments?post=944"}],"version-history":[{"count":5,"href":"http:\/\/bagiliba.fr\/index.php\/wp-json\/wp\/v2\/pages\/944\/revisions"}],"predecessor-version":[{"id":1153,"href":"http:\/\/bagiliba.fr\/index.php\/wp-json\/wp\/v2\/pages\/944\/revisions\/1153"}],"wp:attachment":[{"href":"http:\/\/bagiliba.fr\/index.php\/wp-json\/wp\/v2\/media?parent=944"}],"curies":[{"name":"wp","href":"https:\/\/api.w.org\/{rel}","templated":true}]}}